{"id":1713,"date":"2022-12-15T10:00:21","date_gmt":"2022-12-15T09:00:21","guid":{"rendered":"http:\/\/www.solodoor.cz\/?page_id=1713"},"modified":"2023-05-29T14:59:56","modified_gmt":"2023-05-29T12:59:56","slug":"charakteristika-povrchu","status":"publish","type":"page","link":"https:\/\/solosk.mh370.cz\/sk\/rady-a-informace\/pruvodce-vyberem-dveri\/material-dveri\/charakteristika-povrchu\/","title":{"rendered":"Charakteristika povrchov"},"content":{"rendered":"<header>Jasn\u00fdm trendom dne\u0161ka s\u00fa umel\u00e9, mechanicky odoln\u00e9 materi\u00e1ly, ktor\u00e9 <strong>verne napodob\u0148uj\u00fa pr\u00edrodn\u00e9 povrchy<\/strong>, a to vr\u00e1tane trojrozmernej \u0161trukt\u00fary dreva. Pre tieto povrchy je typick\u00e1 vy\u0161\u0161ia odolnos\u0165 napr\u00edklad v porovnan\u00ed s pr\u00edrodn\u00fdmi dyhami a s\u00fa aj menej n\u00e1ro\u010dn\u00e9 na \u00fadr\u017ebu.<\/header>\n","protected":false},"excerpt":{"rendered":"<p>Jasn\u00fdm trendom dne\u0161ka s\u00fa umel\u00e9, mechanicky odoln\u00e9 materi\u00e1ly, ktor\u00e9 verne napodob\u0148uj\u00fa pr\u00edrodn\u00e9 povrchy, a to vr\u00e1tane trojrozmernej \u0161trukt\u00fary dreva. Pre tieto povrchy je typick\u00e1 vy\u0161\u0161ia odolnos\u0165 napr\u00edklad v porovnan\u00ed s pr\u00edrodn\u00fdmi dyhami a s\u00fa aj menej n\u00e1ro\u010dn\u00e9 na \u00fadr\u017ebu.<\/p>\n","protected":false},"author":1,"featured_media":0,"parent":63,"menu_order":1,"comment_status":"closed","ping_status":"closed","template":"template-strana-s-filtrem-dekory.php","meta":{"footnotes":""},"class_list":["post-1713","page","type-page","status-publish","hentry"],"acf":[],"aioseo_notices":[],"_links":{"self":[{"href":"https:\/\/solosk.mh370.cz\/sk\/wp-json\/wp\/v2\/pages\/1713","targetHints":{"allow":["GET"]}}],"collection":[{"href":"https:\/\/solosk.mh370.cz\/sk\/wp-json\/wp\/v2\/pages"}],"about":[{"href":"https:\/\/solosk.mh370.cz\/sk\/wp-json\/wp\/v2\/types\/page"}],"author":[{"embeddable":true,"href":"https:\/\/solosk.mh370.cz\/sk\/wp-json\/wp\/v2\/users\/1"}],"replies":[{"embeddable":true,"href":"https:\/\/solosk.mh370.cz\/sk\/wp-json\/wp\/v2\/comments?post=1713"}],"version-history":[{"count":0,"href":"https:\/\/solosk.mh370.cz\/sk\/wp-json\/wp\/v2\/pages\/1713\/revisions"}],"up":[{"embeddable":true,"href":"https:\/\/solosk.mh370.cz\/sk\/wp-json\/wp\/v2\/pages\/63"}],"wp:attachment":[{"href":"https:\/\/solosk.mh370.cz\/sk\/wp-json\/wp\/v2\/media?parent=1713"}],"curies":[{"name":"wp","href":"https:\/\/api.w.org\/{rel}","templated":true}]}}